{"id":272,"date":"2023-04-27T14:23:51","date_gmt":"2023-04-27T14:23:51","guid":{"rendered":"https:\/\/welysis.com\/?page_id=272"},"modified":"2025-02-25T12:50:20","modified_gmt":"2025-02-25T12:50:20","slug":"politica-de-cookies","status":"publish","type":"page","link":"http:\/\/welysisindustries.com\/es\/politica-de-cookies","title":{"rendered":"Pol\u00edtica de cookies"},"content":{"rendered":"\t\t<div data-elementor-type=\"wp-page\" data-elementor-id=\"272\" class=\"elementor elementor-272\" data-elementor-post-type=\"page\">\n\t\t\t\t\t\t<section class=\"elementor-section elementor-top-section elementor-element elementor-element-c3d12d4 elementor-section-boxed elementor-section-height-default elementor-section-height-default\" data-id=\"c3d12d4\" data-element_type=\"section\">\n\t\t\t\t\t\t<div class=\"elementor-container elementor-column-gap-default\">\n\t\t\t\t\t<div class=\"elementor-column elementor-col-100 elementor-top-column elementor-element elementor-element-71122a8\" data-id=\"71122a8\" data-element_type=\"column\">\n\t\t\t<div class=\"elementor-widget-wrap elementor-element-populated\">\n\t\t\t\t\t\t<div class=\"elementor-element elementor-element-6363294 elementor-widget elementor-widget-heading\" data-id=\"6363294\" data-element_type=\"widget\" data-widget_type=\"heading.default\">\n\t\t\t\t<div class=\"elementor-widget-container\">\n\t\t\t\t\t<h2 class=\"elementor-heading-title elementor-size-default\">POL\u00cdTICA DE COOKIES\n<\/h2>\t\t\t\t<\/div>\n\t\t\t\t<\/div>\n\t\t\t\t<div class=\"elementor-element elementor-element-949e08f elementor-widget elementor-widget-text-editor\" data-id=\"949e08f\" data-element_type=\"widget\" data-widget_type=\"text-editor.default\">\n\t\t\t\t<div class=\"elementor-widget-container\">\n\t\t\t\t\t\t\t\t\t<p>Bienvenida\/o a la\u00a0<b>POL\u00cdTICA DE COOKIES<\/b>\u00a0de la p\u00e1gina web de la entidad WELYSIS INDUSTRIES, S.L., provista de NIF \/ CIF B76812791, donde te explicaremos en un lenguaje claro y sencillo todas las cuestiones necesarias para que puedas tener el control sobre ellas en base a tus decisiones personales.<\/p>\t\t\t\t\t\t\t\t<\/div>\n\t\t\t\t<\/div>\n\t\t\t\t\t<\/div>\n\t\t<\/div>\n\t\t\t\t\t<\/div>\n\t\t<\/section>\n\t\t\t\t<section class=\"elementor-section elementor-top-section elementor-element elementor-element-93203ce elementor-section-boxed elementor-section-height-default elementor-section-height-default\" data-id=\"93203ce\" data-element_type=\"section\">\n\t\t\t\t\t\t<div class=\"elementor-container elementor-column-gap-default\">\n\t\t\t\t\t<div class=\"elementor-column elementor-col-100 elementor-top-column elementor-element elementor-element-336dc48\" data-id=\"336dc48\" data-element_type=\"column\">\n\t\t\t<div class=\"elementor-widget-wrap elementor-element-populated\">\n\t\t\t\t\t\t<div class=\"elementor-element elementor-element-eae6a04 elementor-widget elementor-widget-heading\" data-id=\"eae6a04\" data-element_type=\"widget\" data-widget_type=\"heading.default\">\n\t\t\t\t<div class=\"elementor-widget-container\">\n\t\t\t\t\t<h2 class=\"elementor-heading-title elementor-size-default\">\u00bfQU\u00c9 SON LAS COOKIES Y PARA QU\u00c9 LAS USAMOS?\n\n<\/h2>\t\t\t\t<\/div>\n\t\t\t\t<\/div>\n\t\t\t\t<div class=\"elementor-element elementor-element-1e5fb8f elementor-widget elementor-widget-text-editor\" data-id=\"1e5fb8f\" data-element_type=\"widget\" data-widget_type=\"text-editor.default\">\n\t\t\t\t<div class=\"elementor-widget-container\">\n\t\t\t\t\t\t\t\t\t<p>Una cookie o galleta inform\u00e1tica es un peque\u00f1o archivo de informaci\u00f3n que se guarda en tu ordenador, \u201csmartphone\u201d o tableta cada vez que visitas nuestra p\u00e1gina web.<\/p><p>En principio, una cookie es inofensiva: no contiene virus, troyanos, gusanos, etc. que puedan da\u00f1ar tu terminal, pero s\u00ed tiene cierto impacto sobre tu derecho a la protecci\u00f3n de tus datos personales, pues recoge determinada informaci\u00f3n concerniente a tu persona (h\u00e1bitos de navegaci\u00f3n, identidad, preferencias, etc.).<\/p><p>Es por ello que, en base a lo establecido en la normativa aplicable (LSSI y normativa vigente de protecci\u00f3n de datos personales), la activaci\u00f3n de determinados tipos de cookies necesitar\u00e1 de tu autorizaci\u00f3n previa.<\/p><p>Mediante\u00a0<b>un paso tan sencillo y r\u00e1pido como la marcaci\u00f3n de una casilla<\/b>\u00a0en nuestro apartado\u00a0<b>CONFIGURACI\u00d3N DE COOKIES,<\/b>\u00a0podr\u00e1s dar tu autorizaci\u00f3n para la activaci\u00f3n de las cookies que desees: toma el control y disfruta de una navegaci\u00f3n personalizada en nuestra p\u00e1gina.<\/p><p>Antes de ello, te daremos alguna informaci\u00f3n adicional que te ayudar\u00e1 a una mejor toma de decisiones al respecto:<\/p><p>1. Las cookies pueden ser de varios tipos en funci\u00f3n de su finalidad:<\/p><p>\u2013 Las cookies t\u00e9cnicas son necesarias para que nuestra p\u00e1gina web pueda funcionar, no necesitan de tu autorizaci\u00f3n y son las \u00fanicas que tenemos activadas por defecto.<\/p><p>\u2013 El resto de cookies pueden servir para mejorar nuestra p\u00e1gina, para personalizarla en base a tus preferencias, o para poder mostrarte publicidad ajustada a tus b\u00fasquedas, gustos e intereses personales. Todas ellas las tenemos desactivadas por defecto, siendo necesaria tu autorizaci\u00f3n previa para su activaci\u00f3n, que podr\u00e1s dar mediante un paso tan sencillo y r\u00e1pido como la marcaci\u00f3n de una casilla en nuestro apartado CONFIGURACI\u00d3N DE COOKIES.<\/p><p>2. Algunas cookies son nuestras (las denominaremos cookies propias) y otras pertenecen a empresas externas que prestan servicios para nuestra p\u00e1gina web (las denominaremos cookies de terceros: un ejemplo podr\u00edan ser las cookies de proveedores externos como Google). En este sentido, es importante que sepas que algunos de dichos proveedores externos pueden estar ubicados fuera de Espa\u00f1a.<\/p><p>A nivel mundial, no todos los pa\u00edses tienen un mismo nivel de protecci\u00f3n de datos, existiendo algunos pa\u00edses m\u00e1s seguros que otros (por ejemplo, la Uni\u00f3n Europea es un entorno seguro para tus datos). Nuestra pol\u00edtica es recurrir a proveedores confiables que, con independencia de que se encuentren o no ubicados en la Uni\u00f3n Europea, hayan adoptado las garant\u00edas adecuadas para la protecci\u00f3n de tu informaci\u00f3n personal. No obstante, en el apartado denominado\u00a0<b>\u00bfQU\u00c9 TIPO DE COOKIES SE UTILIZAN ACTUALMENTE EN NUESTRA P\u00c1GINA WEB?<\/b>, puedes consultar las distintas Pol\u00edticas de privacidad y protecci\u00f3n de datos de cada uno de los referidos proveedores externos, a fin de tomar una decisi\u00f3n consciente sobre la activaci\u00f3n o no de las cookies de terceros que utiliza nuestra p\u00e1gina web.<\/p><p>3. Finalmente, indicarte que, en funci\u00f3n del plazo de tiempo que permanecen activas, las cookies pueden ser de dos tipos:<\/p><p>\u2013\u00a0<b>Cookies de sesi\u00f3n:<\/b>\u00a0expiran autom\u00e1ticamente cuando terminas la sesi\u00f3n en tu ordenador, \u201csmartphone\u201d o tableta. Suelen emplearse para conservar la informaci\u00f3n necesaria mientras se te presta un servicio en una sola ocasi\u00f3n.<\/p><p>\u2013\u00a0<b>Cookies persistentes:<\/b>\u00a0permanecen almacenadas en tu ordenador, \u201csmartphone\u201d o tableta durante un periodo determinado, que puede variar desde unos minutos hasta varios a\u00f1os.<\/p>\t\t\t\t\t\t\t\t<\/div>\n\t\t\t\t<\/div>\n\t\t\t\t<div class=\"elementor-element elementor-element-3a399b8 elementor-widget elementor-widget-heading\" data-id=\"3a399b8\" data-element_type=\"widget\" data-widget_type=\"heading.default\">\n\t\t\t\t<div class=\"elementor-widget-container\">\n\t\t\t\t\t<h2 class=\"elementor-heading-title elementor-size-default\">\u00bfQU\u00c9 TIPO DE COOKIES PODEMOS UTILIZAR EN NUESTRA P\u00c1GINA WEB?\n\n<\/h2>\t\t\t\t<\/div>\n\t\t\t\t<\/div>\n\t\t\t\t<div class=\"elementor-element elementor-element-eba14af elementor-widget elementor-widget-text-editor\" data-id=\"eba14af\" data-element_type=\"widget\" data-widget_type=\"text-editor.default\">\n\t\t\t\t<div class=\"elementor-widget-container\">\n\t\t\t\t\t\t\t\t\t<h4>\u2013 Cookies T\u00e9cnicas:<\/h4><p>Las cookies t\u00e9cnicas son estrictamente necesarias para que nuestra p\u00e1gina web funcione y puedas navegar por la misma. Este tipo de cookies son las que, por ejemplo, nos permiten identificarte, darte acceso a determinadas partes restringidas de la p\u00e1gina si fuese necesario, o recordar diferentes opciones o servicios ya seleccionados por ti, como tus preferencias de privacidad. Por ello, est\u00e1n activadas por defecto, no siendo necesaria tu autorizaci\u00f3n al respecto.<\/p><p>A trav\u00e9s de la configuraci\u00f3n de tu navegador, puedes bloquear o alertar de la presencia de este tipo de cookies, si bien dicho bloqueo afectar\u00e1 al correcto funcionamiento de las distintas funcionalidades de nuestra p\u00e1gina web.<\/p><h4>\u2013 Cookies de An\u00e1lisis:<\/h4><p>Las cookies de an\u00e1lisis nos permiten estudiar la navegaci\u00f3n de los usuarios de nuestra p\u00e1gina web en general (por ejemplo, qu\u00e9 secciones de la p\u00e1gina son las m\u00e1s visitadas, qu\u00e9 servicios se usan m\u00e1s y si funcionan correctamente, etc.).<\/p><p>A partir de la informaci\u00f3n estad\u00edstica sobre la navegaci\u00f3n en nuestra p\u00e1gina web, podemos mejorar tanto el propio funcionamiento de la p\u00e1gina como los distintos servicios que ofrece. Por tanto, estas cookies no tienen una finalidad publicitaria, sino que \u00fanicamente sirven para que nuestra p\u00e1gina web funcione mejor, adapt\u00e1ndose a nuestros usuarios en general. Activ\u00e1ndolas contribuir\u00e1s a dicha mejora continua.<\/p><p>Puedes activar o desactivar estas cookies marcando la casilla correspondiente, estando desactivadas por defecto.<\/p><h4>\u2013 Cookies de Funcionalidad y Personalizaci\u00f3n:<\/h4><p>Las cookies de funcionalidad nos permiten recordar tus preferencias, para personalizar a tu medida determinadas caracter\u00edsticas y opciones generales de nuestra p\u00e1gina web, cada vez que accedas a la misma (por ejemplo, el idioma en que se te presenta la informaci\u00f3n, las secciones marcadas como favoritas, tu tipo de navegador, etc.).<\/p><p>Por tanto, este tipo de cookies no tienen una finalidad publicitaria, sino que activ\u00e1ndolas mejorar\u00e1s la funcionalidad de la p\u00e1gina web (por ejemplo, adapt\u00e1ndose a tu tipo de navegador) y la personalizaci\u00f3n de la misma en base a tus preferencias (por ejemplo, presentando la informaci\u00f3n en el idioma que hayas escogido en anteriores ocasiones), lo cual contribuir\u00e1 a la facilidad, usabilidad y comodidad de nuestra p\u00e1gina durante tu navegaci\u00f3n.<\/p><p>Puedes activar o desactivar estas cookies marcando la casilla correspondiente, estando desactivadas por defecto.<\/p><h4>\u2013 Cookies de Publicidad:<\/h4><p>Las cookies de publicidad nos permiten la gesti\u00f3n de los espacios publicitarios incluidos en nuestra p\u00e1gina web en base a criterios como el contenido mostrado o la frecuencia en la que se muestran los anuncios.<\/p><p>As\u00ed por ejemplo, si se te ha mostrado varias veces un mismo anuncio en nuestra p\u00e1gina web, y no has mostrado un inter\u00e9s personal haciendo clic sobre \u00e9l, este no volver\u00e1 a aparecer. En resumen, activando este tipo de cookies, la publicidad mostrada en nuestra p\u00e1gina web ser\u00e1 m\u00e1s \u00fatil y diversa, y menos repetitiva.<\/p><p>Puedes activar o desactivar estas cookies marcando la casilla correspondiente, estando desactivadas por defecto.<\/p><h4>\u2013 Cookies de Publicidad Comportamental:<\/h4><p>Las cookies de publicidad comportamental nos permiten obtener informaci\u00f3n basada en la observaci\u00f3n de tus h\u00e1bitos y comportamientos de navegaci\u00f3n en la web, a fin de poder mostrarte contenidos publicitarios que se ajusten mejor a tus gustos e intereses personales.<\/p><p>Para que lo entiendas de manera muy sencilla, te pondremos un ejemplo ficticio: si tus \u00faltimas b\u00fasquedas en la web estuviesen relacionadas con literatura de suspense, te mostrar\u00edamos publicidad sobre libros de suspense.<br \/>Por tanto, activando este tipo de cookies, la publicidad que te mostremos en nuestra p\u00e1gina web no ser\u00e1 gen\u00e9rica, sino que estar\u00e1 orientada a tus b\u00fasquedas, gustos e intereses, ajust\u00e1ndose por tanto exclusivamente a ti.<\/p><p><b>Puedes activar o desactivar estas cookies marcando la casilla correspondiente<\/b>, estando desactivadas por defecto.<\/p>\t\t\t\t\t\t\t\t<\/div>\n\t\t\t\t<\/div>\n\t\t\t\t<div class=\"elementor-element elementor-element-c566ead elementor-widget elementor-widget-heading\" data-id=\"c566ead\" data-element_type=\"widget\" data-widget_type=\"heading.default\">\n\t\t\t\t<div class=\"elementor-widget-container\">\n\t\t\t\t\t<h2 class=\"elementor-heading-title elementor-size-default\">\u00bfQU\u00c9 TIPO DE COOKIES SE UTILIZAN ACTUALMENTE EN NUESTRA P\u00c1GINA WEB?\n\n\n<\/h2>\t\t\t\t<\/div>\n\t\t\t\t<\/div>\n\t\t\t\t<div class=\"elementor-element elementor-element-618869a elementor-widget elementor-widget-text-editor\" data-id=\"618869a\" data-element_type=\"widget\" data-widget_type=\"text-editor.default\">\n\t\t\t\t<div class=\"elementor-widget-container\">\n\t\t\t\t\t\t\t\t\t<p>A continuaci\u00f3n, procedemos a informarte sobre todos los tipos de cookies que actualmente se utilizan en nuestra p\u00e1gina web y la finalidad de cada una de las mismas<\/p><table><tbody><tr><th>Tipo de cookie<\/th><th>Finalidad<\/th><th>Entidad responsable<\/th><th>Plazo de tiempo<\/th><\/tr><tr><td>moove_gdpr_popup<\/td><td>Guardar las preferencias de cookies store cookie consent preferences<\/td><td>GDPR Cookie Compliance<\/td><td>Sesi\u00f3n<\/td><\/tr><tr><td>wp-wpml_current_language<\/td><td>Guarda las preferencias del idioma<\/td><td>WPML<\/td><td>1 D\u00eda<\/td><\/tr><tr><td>_ga<\/td><td>Cookie de Google Analytics que habilita la funci\u00f3n de control de visitas \u00fanicas<\/td><td>Google<\/td><td>2 A\u00f1os<\/td><\/tr><tr><td>wordpress_test_cookie<\/td><td>Cookie que comprueba si el navegador tiene las cookies activadas<\/td><td>WordPress<\/td><td>Sesi\u00f3n<\/td><\/tr><tr><td>wp_lang<\/td><td>Guarda la configuraci\u00f3n del idioma<\/td><td>WordPress<\/td><td>Sesi\u00f3n<\/td><\/tr><\/tbody><\/table>\t\t\t\t\t\t\t\t<\/div>\n\t\t\t\t<\/div>\n\t\t\t\t<div class=\"elementor-element elementor-element-597ddd9 elementor-widget elementor-widget-heading\" data-id=\"597ddd9\" data-element_type=\"widget\" data-widget_type=\"heading.default\">\n\t\t\t\t<div class=\"elementor-widget-container\">\n\t\t\t\t\t<h2 class=\"elementor-heading-title elementor-size-default\">\u00bfQU\u00c9 PUEDES HACER CON LAS COOKIES?\n\n\n<\/h2>\t\t\t\t<\/div>\n\t\t\t\t<\/div>\n\t\t\t\t<div class=\"elementor-element elementor-element-5c4e9b6 elementor-widget elementor-widget-text-editor\" data-id=\"5c4e9b6\" data-element_type=\"widget\" data-widget_type=\"text-editor.default\">\n\t\t\t\t<div class=\"elementor-widget-container\">\n\t\t\t\t\t\t\t\t\t<p>C<\/p><p>uando accedes por primera vez a nuestra p\u00e1gina web, se te muestra una ventana en la que te informamos que las cookies pueden ser de varios tipos:<\/p><p>\u2013 Las cookies t\u00e9cnicas son necesarias para que nuestra p\u00e1gina web pueda funcionar, no necesitan de tu autorizaci\u00f3n y son las \u00fanicas que tenemos activadas por defecto. Por tanto, son las \u00fanicas cookies que estar\u00e1n activas si solo pulsas el bot\u00f3n\u00a0<b>ACEPTAR<\/b>.<\/p><p>\u2013 El resto de cookies sirven para mejorar nuestra p\u00e1gina, para personalizarla en base a tus preferencias, o para poder mostrarte publicidad ajustada a tus b\u00fasquedas, gustos e intereses personales. Todas ellas las tenemos desactivadas por defecto, pero puedes\u00a0activarlas en nuestro apartado\u00a0<b>CONFIGURACI\u00d3N DE COOKIES: toma el control y disfruta de una navegaci\u00f3n personalizada en nuestra p\u00e1gina, con un paso tan sencillo y r\u00e1pido como la marcaci\u00f3n de las casillas que t\u00fa quieras.<\/b><\/p><p>Informarte tambi\u00e9n que, una vez que hayas activado cualquier tipo de cookies, tienes la posibilidad de desactivarlas en el momento que desees, con el simple paso de desmarcar la casilla correspondiente en el apartado\u00a0<b>CONFIGURACI\u00d3N DE COOKIES<\/b>\u00a0de nuestra p\u00e1gina web. Siempre ser\u00e1 tan sencillo para ti activar nuestras cookies propias como desactivarlas.<\/p><p>Recordarte asimismo que, a trav\u00e9s de la configuraci\u00f3n de tu navegador, puedes bloquear o alertar de la presencia de cookies, si bien dicho bloqueo puede afectar al correcto funcionamiento de las distintas funcionalidades de nuestra p\u00e1gina web en el caso de las cookies t\u00e9cnicas necesarias.<\/p><p>Por \u00faltimo, indicarte que, si activas\u00a0<b>cookies de terceros<\/b>\u00a0(empresas externas que prestan servicios para nuestra p\u00e1gina web) y posteriormente deseas desactivarlas, podr\u00e1s hacerlo de dos formas: usando las herramientas de desactivaci\u00f3n de cookies de tu navegador o a trav\u00e9s de los propios sistemas habilitados por dichos proveedores externos.<\/p><p>Para que te sea mucho m\u00e1s f\u00e1cil, a continuaci\u00f3n te relacionamos una serie de enlaces a las pautas de desactivaci\u00f3n de cookies de los navegadores de uso com\u00fan:<\/p><p>\u2013\u00a0<a href=\"https:\/\/support.google.com\/accounts\/answer\/61416?hl=ES&amp;co=GENIE.Platform%3DDesktop&amp;oco=1\" target=\"_blank\" rel=\"noopener\">Google Chrome<\/a>.<\/p><p>\u2013\u00a0<a href=\"https:\/\/support.mozilla.org\/es\/kb\/Deshabilitar%20cookies%20de%20terceros\" target=\"_blank\" rel=\"noopener\">Mozilla Firefox.<\/a><\/p><p>\u2013\u00a0<a href=\"https:\/\/support.microsoft.com\/es-es\/windows\/eliminar-y-administrar-cookies-168dab11-0753-043d-7c16-ede5947fc64d#:~:text=En%20Internet%20Explorer%2C%20seleccione%20el,si%20prefieres%20que%20te%20pregunten.\" target=\"_blank\" rel=\"noopener\">Internet Explorer.\u00a0<\/a><\/p><p>\u2013\u00a0<a href=\"https:\/\/support.apple.com\/es-es\/guide\/safari\/sfri11471\/mac\">Safari<\/a>.<\/p><p>\u2013\u00a0<a href=\"https:\/\/support.apple.com\/es-es\/HT201265#:~:text=Para%20activar%20o%20desactivar%20el,%E2%80%9CBloquear%20todas%20las%20cookies%E2%80%9D.\" target=\"_blank\" rel=\"noopener\">Safari para IOS (iPhone y iPad).\u00a0<\/a><\/p><p>\u2013\u00a0<a href=\"https:\/\/support.google.com\/accounts\/answer\/61416?hl=ES&amp;co=GENIE.Platform%3DAndroid&amp;oco=1\" target=\"_blank\" rel=\"noopener\">Google Chrome para Android<\/a>.<\/p><p>\u2013\u00a0<a href=\"https:\/\/support.google.com\/accounts\/answer\/61416?hl=ES&amp;co=GENIE.Platform%3DiOS&amp;oco=1\" target=\"_blank\" rel=\"noopener\">Google Chrome para Iphone y Ipad.<\/a><\/p>\t\t\t\t\t\t\t\t<\/div>\n\t\t\t\t<\/div>\n\t\t\t\t\t<\/div>\n\t\t<\/div>\n\t\t\t\t\t<\/div>\n\t\t<\/section>\n\t\t\t\t<\/div>\n\t\t","protected":false},"excerpt":{"rendered":"<p>POL\u00cdTICA DE COOKIES Bienvenida\/o a la\u00a0POL\u00cdTICA DE COOKIES\u00a0de la p\u00e1gina web de la entidad WELYSIS INDUSTRIES, S.L., provista de NIF \/ CIF B76812791, donde te explicaremos en un lenguaje claro y sencillo todas las cuestiones necesarias para que puedas tener el control sobre ellas en base a tus decisiones personales. \u00bfQU\u00c9 SON LAS COOKIES Y [&hellip;]<\/p>\n","protected":false},"author":12,"featured_media":0,"parent":0,"menu_order":0,"comment_status":"closed","ping_status":"closed","template":"","meta":{"footnotes":""},"class_list":["post-272","page","type-page","status-publish","hentry"],"yoast_head":"<!-- This site is optimized with the Yoast SEO plugin v24.5 - https:\/\/yoast.com\/wordpress\/plugins\/seo\/ -->\n<title>Pol\u00edtica de cookies - Welysis<\/title>\n<meta name=\"robots\" content=\"noindex, nofollow\" \/>\n<meta property=\"og:locale\" content=\"es_ES\" \/>\n<meta property=\"og:type\" content=\"article\" \/>\n<meta property=\"og:title\" content=\"Pol\u00edtica de cookies - Welysis\" \/>\n<meta property=\"og:description\" content=\"POL\u00cdTICA DE COOKIES Bienvenida\/o a la\u00a0POL\u00cdTICA DE COOKIES\u00a0de la p\u00e1gina web de la entidad WELYSIS INDUSTRIES, S.L., provista de NIF \/ CIF B76812791, donde te explicaremos en un lenguaje claro y sencillo todas las cuestiones necesarias para que puedas tener el control sobre ellas en base a tus decisiones personales. \u00bfQU\u00c9 SON LAS COOKIES Y [&hellip;]\" \/>\n<meta property=\"og:url\" content=\"http:\/\/welysisindustries.com\/es\/politica-de-cookies\" \/>\n<meta property=\"og:site_name\" content=\"Welysis\" \/>\n<meta property=\"article:modified_time\" content=\"2025-02-25T12:50:20+00:00\" \/>\n<meta name=\"twitter:card\" content=\"summary_large_image\" \/>\n<meta name=\"twitter:label1\" content=\"Tiempo de lectura\" \/>\n\t<meta name=\"twitter:data1\" content=\"8 minutos\" \/>\n<script type=\"application\/ld+json\" class=\"yoast-schema-graph\">{\"@context\":\"https:\/\/schema.org\",\"@graph\":[{\"@type\":\"WebPage\",\"@id\":\"http:\/\/welysisindustries.com\/es\/politica-de-cookies\",\"url\":\"http:\/\/welysisindustries.com\/es\/politica-de-cookies\",\"name\":\"Pol\u00edtica de cookies - Welysis\",\"isPartOf\":{\"@id\":\"http:\/\/welysisindustries.com\/#website\"},\"datePublished\":\"2023-04-27T14:23:51+00:00\",\"dateModified\":\"2025-02-25T12:50:20+00:00\",\"breadcrumb\":{\"@id\":\"http:\/\/welysisindustries.com\/es\/politica-de-cookies#breadcrumb\"},\"inLanguage\":\"es\",\"potentialAction\":[{\"@type\":\"ReadAction\",\"target\":[\"http:\/\/welysisindustries.com\/es\/politica-de-cookies\"]}]},{\"@type\":\"BreadcrumbList\",\"@id\":\"http:\/\/welysisindustries.com\/es\/politica-de-cookies#breadcrumb\",\"itemListElement\":[{\"@type\":\"ListItem\",\"position\":1,\"name\":\"Portada\",\"item\":\"http:\/\/welysisindustries.com\/es\"},{\"@type\":\"ListItem\",\"position\":2,\"name\":\"Pol\u00edtica de cookies\"}]},{\"@type\":\"WebSite\",\"@id\":\"http:\/\/welysisindustries.com\/#website\",\"url\":\"http:\/\/welysisindustries.com\/\",\"name\":\"Welysis - Electrolysis plants for local chlorine production\",\"description\":\"+ Than Electrolysis\",\"publisher\":{\"@id\":\"http:\/\/welysisindustries.com\/#organization\"},\"potentialAction\":[{\"@type\":\"SearchAction\",\"target\":{\"@type\":\"EntryPoint\",\"urlTemplate\":\"http:\/\/welysisindustries.com\/?s={search_term_string}\"},\"query-input\":{\"@type\":\"PropertyValueSpecification\",\"valueRequired\":true,\"valueName\":\"search_term_string\"}}],\"inLanguage\":\"es\"},{\"@type\":\"Organization\",\"@id\":\"http:\/\/welysisindustries.com\/#organization\",\"name\":\"Welysis - Electrolysis plants for local chlorine production\",\"url\":\"http:\/\/welysisindustries.com\/\",\"logo\":{\"@type\":\"ImageObject\",\"inLanguage\":\"es\",\"@id\":\"http:\/\/welysisindustries.com\/#\/schema\/logo\/image\/\",\"url\":\"http:\/\/welysisindustries.com\/wp-content\/uploads\/2023\/04\/logo-1.svg\",\"contentUrl\":\"http:\/\/welysisindustries.com\/wp-content\/uploads\/2023\/04\/logo-1.svg\",\"width\":248,\"height\":91,\"caption\":\"Welysis - Electrolysis plants for local chlorine production\"},\"image\":{\"@id\":\"http:\/\/welysisindustries.com\/#\/schema\/logo\/image\/\"},\"sameAs\":[\"https:\/\/www.linkedin.com\/company\/welysis\/\"]}]}<\/script>\n<!-- \/ Yoast SEO plugin. -->","yoast_head_json":{"title":"Pol\u00edtica de cookies - Welysis","robots":{"index":"noindex","follow":"nofollow"},"og_locale":"es_ES","og_type":"article","og_title":"Pol\u00edtica de cookies - Welysis","og_description":"POL\u00cdTICA DE COOKIES Bienvenida\/o a la\u00a0POL\u00cdTICA DE COOKIES\u00a0de la p\u00e1gina web de la entidad WELYSIS INDUSTRIES, S.L., provista de NIF \/ CIF B76812791, donde te explicaremos en un lenguaje claro y sencillo todas las cuestiones necesarias para que puedas tener el control sobre ellas en base a tus decisiones personales. \u00bfQU\u00c9 SON LAS COOKIES Y [&hellip;]","og_url":"http:\/\/welysisindustries.com\/es\/politica-de-cookies","og_site_name":"Welysis","article_modified_time":"2025-02-25T12:50:20+00:00","twitter_card":"summary_large_image","twitter_misc":{"Tiempo de lectura":"8 minutos"},"schema":{"@context":"https:\/\/schema.org","@graph":[{"@type":"WebPage","@id":"http:\/\/welysisindustries.com\/es\/politica-de-cookies","url":"http:\/\/welysisindustries.com\/es\/politica-de-cookies","name":"Pol\u00edtica de cookies - Welysis","isPartOf":{"@id":"http:\/\/welysisindustries.com\/#website"},"datePublished":"2023-04-27T14:23:51+00:00","dateModified":"2025-02-25T12:50:20+00:00","breadcrumb":{"@id":"http:\/\/welysisindustries.com\/es\/politica-de-cookies#breadcrumb"},"inLanguage":"es","potentialAction":[{"@type":"ReadAction","target":["http:\/\/welysisindustries.com\/es\/politica-de-cookies"]}]},{"@type":"BreadcrumbList","@id":"http:\/\/welysisindustries.com\/es\/politica-de-cookies#breadcrumb","itemListElement":[{"@type":"ListItem","position":1,"name":"Portada","item":"http:\/\/welysisindustries.com\/es"},{"@type":"ListItem","position":2,"name":"Pol\u00edtica de cookies"}]},{"@type":"WebSite","@id":"http:\/\/welysisindustries.com\/#website","url":"http:\/\/welysisindustries.com\/","name":"Welysis - Electrolysis plants for local chlorine production","description":"+ Than Electrolysis","publisher":{"@id":"http:\/\/welysisindustries.com\/#organization"},"potentialAction":[{"@type":"SearchAction","target":{"@type":"EntryPoint","urlTemplate":"http:\/\/welysisindustries.com\/?s={search_term_string}"},"query-input":{"@type":"PropertyValueSpecification","valueRequired":true,"valueName":"search_term_string"}}],"inLanguage":"es"},{"@type":"Organization","@id":"http:\/\/welysisindustries.com\/#organization","name":"Welysis - Electrolysis plants for local chlorine production","url":"http:\/\/welysisindustries.com\/","logo":{"@type":"ImageObject","inLanguage":"es","@id":"http:\/\/welysisindustries.com\/#\/schema\/logo\/image\/","url":"http:\/\/welysisindustries.com\/wp-content\/uploads\/2023\/04\/logo-1.svg","contentUrl":"http:\/\/welysisindustries.com\/wp-content\/uploads\/2023\/04\/logo-1.svg","width":248,"height":91,"caption":"Welysis - Electrolysis plants for local chlorine production"},"image":{"@id":"http:\/\/welysisindustries.com\/#\/schema\/logo\/image\/"},"sameAs":["https:\/\/www.linkedin.com\/company\/welysis\/"]}]}},"_links":{"self":[{"href":"http:\/\/welysisindustries.com\/es\/wp-json\/wp\/v2\/pages\/272","targetHints":{"allow":["GET"]}}],"collection":[{"href":"http:\/\/welysisindustries.com\/es\/wp-json\/wp\/v2\/pages"}],"about":[{"href":"http:\/\/welysisindustries.com\/es\/wp-json\/wp\/v2\/types\/page"}],"author":[{"embeddable":true,"href":"http:\/\/welysisindustries.com\/es\/wp-json\/wp\/v2\/users\/12"}],"replies":[{"embeddable":true,"href":"http:\/\/welysisindustries.com\/es\/wp-json\/wp\/v2\/comments?post=272"}],"version-history":[{"count":10,"href":"http:\/\/welysisindustries.com\/es\/wp-json\/wp\/v2\/pages\/272\/revisions"}],"predecessor-version":[{"id":5533,"href":"http:\/\/welysisindustries.com\/es\/wp-json\/wp\/v2\/pages\/272\/revisions\/5533"}],"wp:attachment":[{"href":"http:\/\/welysisindustries.com\/es\/wp-json\/wp\/v2\/media?parent=272"}],"curies":[{"name":"wp","href":"https:\/\/api.w.org\/{rel}","templated":true}]}}